{"id":995,"date":"2026-01-16T16:49:42","date_gmt":"2026-01-16T16:49:42","guid":{"rendered":"https:\/\/suurlahe.ee\/?page_id=995"},"modified":"2026-04-21T12:38:14","modified_gmt":"2026-04-21T12:38:14","slug":"ohutus-ja-renditingimused","status":"publish","type":"page","link":"https:\/\/suurlahe.ee\/en\/ohutus-ja-renditingimused\/","title":{"rendered":"Safety and rental conditions"},"content":{"rendered":"<div data-elementor-type=\"wp-page\" data-elementor-id=\"995\" class=\"elementor elementor-995\">\n\t\t\t\t<div class=\"elementor-element elementor-element-4a4f4e8 su-terms e-flex e-con-boxed e-con e-parent\" data-id=\"4a4f4e8\" data-element_type=\"container\" data-e-type=\"container\">\n\t\t\t\t\t<div class=\"e-con-inner\">\n\t\t\t\t<div class=\"elementor-element elementor-element-bb81af4 elementor-widget elementor-widget-heading\" data-id=\"bb81af4\" data-element_type=\"widget\" data-e-type=\"widget\" data-widget_type=\"heading.default\">\n\t\t\t\t\t<h2 class=\"elementor-heading-title elementor-size-default\">Suurlaht boat rental safety and rental conditions<\/h2>\t\t\t\t<\/div>\n\t\t\t\t<div class=\"elementor-element elementor-element-e8e5c62 elementor-widget elementor-widget-text-editor\" data-id=\"e8e5c62\" data-element_type=\"widget\" data-e-type=\"widget\" data-widget_type=\"text-editor.default\">\n\t\t\t\t\t\t\t\t\t<h3>Booking<\/h3>\n<p>Loe l\u00e4hemalt meie <a href=\"https:\/\/suurlahe.ee\/en\/tegevused\/paadilaenutus\/\" style=\"text-decoration: none; \"><strong>paadilaenutuse teenuse kohta siit<\/strong><\/a>.<\/p>\n\n<p>We offer boat rentals for fishing, sea trips, and peaceful pleasure cruises. The rented boat can only be used on <strong>On Suurlaht<\/strong> va perioodil <strong>01.05 &#8211; 21.05<\/strong>. Broneeri helistades: <a href=\"tel:+37254583360\"><strong>+372 5458 3360<\/strong><\/a> v\u00f5i <a href=\"Phone: +372 520 3533\"><strong>+372 520 3533<\/strong><\/a>.<\/p>\n\n<h3>Pick-up and return of the boat<\/h3>\n<p>You can pick up the boat <strong>From the shore of the Suurlahe Guesthouse harbor<\/strong>. Kohapeal anname juhised ning n\u00e4itame, kust v\u00f5tad vajaliku varustuse. P\u00e4rast s\u00f5itu tagasta paat samasse kohta ja veendu, et varustus on komplektne. <strong>NB! Kui paati ei tagastata puhtana, lisandub puhastustasu 25 \u20ac.<\/strong><\/p>\n\n<h3>Important to know<\/h3>\n<ul>\n \t<li>Rental starting from <strong>From 18 years of age<\/strong><\/li>\n \t<li>In the boat up to <strong>4 people<\/strong><\/li>\n \t<li><strong>Life jackets are mandatory<\/strong> during the entire trip<\/li>\n \t<li>Minimum rental time: <strong>2 hours<\/strong><\/li>\n \t<li>Equipment: <strong>aerud, ankur, p\u00e4\u00e4stevestid, paadihaagis(Rentides v\u00e4hemalt p\u00e4evaks)<\/strong><\/li>\n<\/ul>\n\n<h3>Water safety on Suurlaht<\/h3>\n<ul>\n \t<li><strong>Stay sober.<\/strong> The driver is responsible for the safety of the entire group.<\/li>\n \t<li><strong>Check the weather and visibility<\/strong> before departure.<\/li>\n \t<li>Maintain a safe speed and distance from other watercraft.<\/li>\n \t<li>Avoid reeds and shallow water; constantly monitor your surroundings.<\/li>\n \t<li>If the weather worsens, <strong>return early<\/strong>.<\/li>\n<\/ul>\n\n<h3>Responsibility<\/h3>\n<ul>\n \t<li>Use the boat responsibly and return it in good condition and clean.<\/li>\n \t<li>The renter is responsible for the preservation of the boat and equipment during the rental period.<\/li>\n \t<li>Please do not leave trash on the shore or in the water.<\/li>\n \t<li>Kui paati ei tagastata m\u00f5istlikult puhtana, on rendileandjal \u00f5igus rakendada t\u00e4iendavat puhastustasu.<\/li>\n<\/ul>\n\n<hr \/>\n\n<h2 id=\"vaatatingimusi\">Safety checklist<\/h2>\n<ul>\n \t<li>Life jackets must be worn by all passengers.<\/li>\n \t<li>Do not exceed <strong>4 people<\/strong> limit and keep the boat balanced.<\/li>\n \t<li>Before departure, check that all necessary equipment is present, including oars, an anchor, and life jackets.<\/li>\n \t<li>In case of emergency, stop the trip and return to shore; call for help if necessary.<\/li>\n<\/ul>\t\t\t\t\t\t\t\t<\/div>\n\t\t\t\t\t<\/div>\n\t\t\t\t<\/div>\n\t\t\t\t<\/div>","protected":false},"excerpt":{"rendered":"<p>Suurlahe paadilaenutuse ohutus ja renditingimused Broneerimine Pakume paadirenti kalalk\u00e4iguks, merematkaks ja rahulikuks l\u00f5bus\u00f5iduks. Renditud paati saab kasutada ainult Suurlahel va perioodil 01.05 &#8211; 21.05 Broneeri helistades: +372 5458 3360 v\u00f5i +372 520 3533. Paadi k\u00e4ttesaamine ja tagastamine Paadi saad k\u00e4tte Suurlahe K\u00fclalistemaja sadama kaldalt. Kohapeal anname juhised ning n\u00e4itame, kust v\u00f5tad vajaliku varustuse. P\u00e4rast s\u00f5itu [&hellip;]<\/p>\n","protected":false},"author":1,"featured_media":0,"parent":0,"menu_order":0,"comment_status":"closed","ping_status":"closed","template":"","meta":{"footnotes":""},"class_list":["post-995","page","type-page","status-publish","hentry"],"_links":{"self":[{"href":"https:\/\/suurlahe.ee\/en\/wp-json\/wp\/v2\/pages\/995","targetHints":{"allow":["GET"]}}],"collection":[{"href":"https:\/\/suurlahe.ee\/en\/wp-json\/wp\/v2\/pages"}],"about":[{"href":"https:\/\/suurlahe.ee\/en\/wp-json\/wp\/v2\/types\/page"}],"author":[{"embeddable":true,"href":"https:\/\/suurlahe.ee\/en\/wp-json\/wp\/v2\/users\/1"}],"replies":[{"embeddable":true,"href":"https:\/\/suurlahe.ee\/en\/wp-json\/wp\/v2\/comments?post=995"}],"version-history":[{"count":33,"href":"https:\/\/suurlahe.ee\/en\/wp-json\/wp\/v2\/pages\/995\/revisions"}],"predecessor-version":[{"id":2151,"href":"https:\/\/suurlahe.ee\/en\/wp-json\/wp\/v2\/pages\/995\/revisions\/2151"}],"wp:attachment":[{"href":"https:\/\/suurlahe.ee\/en\/wp-json\/wp\/v2\/media?parent=995"}],"curies":[{"name":"wp","href":"https:\/\/api.w.org\/{rel}","templated":true}]}}