{"id":505,"date":"2026-01-07T13:48:25","date_gmt":"2026-01-07T13:48:25","guid":{"rendered":"https:\/\/suurlahe.ee\/?page_id=505"},"modified":"2026-04-30T09:28:38","modified_gmt":"2026-04-30T09:28:38","slug":"kalapuuk-suurlahel","status":"publish","type":"page","link":"https:\/\/suurlahe.ee\/en\/tegevused\/kalapuuk-suurlahel\/","title":{"rendered":"Fishing on Suurlaht"},"content":{"rendered":"<div data-elementor-type=\"wp-page\" data-elementor-id=\"505\" class=\"elementor elementor-505\">\n\t\t\t\t<div class=\"elementor-element elementor-element-d77d8eb e-con-full e-flex e-con e-parent\" data-id=\"d77d8eb\" data-element_type=\"container\" data-e-type=\"container\" data-settings=\"{&quot;background_background&quot;:&quot;classic&quot;}\">\n\t\t<div class=\"elementor-element elementor-element-87a24c2 e-con-full e-flex e-con e-child\" data-id=\"87a24c2\" data-element_type=\"container\" data-e-type=\"container\" data-settings=\"{&quot;background_background&quot;:&quot;classic&quot;}\">\n\t\t\t\t<div class=\"elementor-element elementor-element-46e2771 elementor-widget elementor-widget-heading\" data-id=\"46e2771\" data-element_type=\"widget\" data-e-type=\"widget\" data-widget_type=\"heading.default\">\n\t\t\t\t\t<h2 class=\"elementor-heading-title elementor-size-default\">Kalastusgiidiga kalap\u00fc\u00fck Saaremaal<\/h2>\t\t\t\t<\/div>\n\t\t\t\t<div class=\"elementor-element elementor-element-40a948f elementor-widget elementor-widget-text-editor\" data-id=\"40a948f\" data-element_type=\"widget\" data-e-type=\"widget\" data-widget_type=\"text-editor.default\">\n\t\t\t\t\t\t\t\t\t<p>Tule koos kohaliku kalastusgiidiga Saaremaa vetesse kala p\u00fc\u00fcdma.<\/p>\t\t\t\t\t\t\t\t<\/div>\n\t\t<div class=\"elementor-element elementor-element-956638c e-con-full e-flex e-con e-child\" data-id=\"956638c\" data-element_type=\"container\" data-e-type=\"container\">\n\t\t\t\t<div class=\"elementor-element elementor-element-260f202 suurlah-icons e-transform elementor-widget elementor-widget-button\" data-id=\"260f202\" data-element_type=\"widget\" data-e-type=\"widget\" data-settings=\"{&quot;_transform_scale_effect_hover&quot;:{&quot;unit&quot;:&quot;px&quot;,&quot;size&quot;:1.024999999999999911182158029987476766109466552734375,&quot;sizes&quot;:[]},&quot;_transform_scale_effect_hover_tablet&quot;:{&quot;unit&quot;:&quot;px&quot;,&quot;size&quot;:&quot;&quot;,&quot;sizes&quot;:[]},&quot;_transform_scale_effect_hover_mobile&quot;:{&quot;unit&quot;:&quot;px&quot;,&quot;size&quot;:&quot;&quot;,&quot;sizes&quot;:[]}}\" data-widget_type=\"button.default\">\n\t\t\t\t\t\t\t\t\t\t<a class=\"elementor-button elementor-button-link elementor-size-sm\" href=\"https:\/\/suurlahe.ee\/en\/kontakt\/\">\n\t\t\t\t\t\t<span class=\"elementor-button-content-wrapper\">\n\t\t\t\t\t\t\t\t\t<span class=\"elementor-button-text\">Broneeri kalastusretk<\/span>\n\t\t\t\t\t<\/span>\n\t\t\t\t\t<\/a>\n\t\t\t\t\t\t\t\t<\/div>\n\t\t\t\t<\/div>\n\t\t\t\t<\/div>\n\t\t\t\t<\/div>\n\t\t<div class=\"elementor-element elementor-element-e551ff0 e-con-full e-flex e-con e-parent\" data-id=\"e551ff0\" data-element_type=\"container\" data-e-type=\"container\">\n\t\t<div class=\"elementor-element elementor-element-06ec893 e-con-full e-flex e-con e-child\" data-id=\"06ec893\" data-element_type=\"container\" data-e-type=\"container\">\n\t\t\t\t<div class=\"elementor-element elementor-element-83244be elementor-widget elementor-widget-html\" data-id=\"83244be\" data-element_type=\"widget\" data-e-type=\"widget\" data-widget_type=\"html.default\">\n\t\t\t\t\t<section class=\"suurlaht-fishing-section\">\r\n  <div class=\"section-row\">\r\n    <div class=\"left-col\">\r\n      <h2>Why come fishing at Suurlaht?<\/h2>\r\n\r\n      <p class=\"intro-text\">\r\n        Suurlaht is a peaceful and nature-oriented fishing spot in Saaremaa, near Kuressaare. The shallow body of water, open surroundings, and diverse fish population make it a pleasant place for both morning and evening fishing trips.\r\n      <\/p>\r\n\r\n      <ul>\r\n        <li>A peaceful and nature-oriented fishing spot<\/li>\r\n        <li>Near Kuressaare<\/li>\r\n        <li>Kalarikas j\u00e4rv: peamised liigid on <strong>haug<\/strong>, <strong>ahven<\/strong>, <strong>roos\u00e4rg<\/strong> ja <strong>linask<\/strong><\/li>\r\n        <li>Opportunity to combine fishing with boat rental<\/li>\r\n        <li><strong>The active fishing season begins on May 21st<\/strong><\/li>\r\n      <\/ul>\r\n\r\n      <p class=\"bottom-text\">\r\n        The Suurlaht area is highly valued by many fishers specifically for the start of the spring season. If you are looking for a peaceful place in nature to spend time with a boat, Suurlaht is an excellent choice.\r\n      <\/p>\r\n\r\n      <div class=\"btn-row\">\r\n        <a href=\"https:\/\/en.wikipedia.org\/wiki\/Mullutu-Suurlaht\" target=\"_blank\" rel=\"noopener noreferrer\" class=\"btn-main\">\r\n          Read on Wikipedia\r\n        <\/a>\r\n\r\n        <a href=\"https:\/\/keskkonnaamet.ee\/uudised\/mullutu-loode-kaitsealal-kehtivad-mitmed-uued-nouded\" target=\"_blank\" rel=\"noopener noreferrer\" class=\"btn-secondary\">\r\n          View restrictions\r\n        <\/a>\r\n      <\/div>\r\n    <\/div>\r\n  <\/div>\r\n<\/section>\t\t\t\t<\/div>\n\t\t\t\t<\/div>\n\t\t<div class=\"elementor-element elementor-element-7d683af e-con-full e-flex e-con e-child\" data-id=\"7d683af\" data-element_type=\"container\" data-e-type=\"container\">\n\t\t\t\t<div class=\"elementor-element elementor-element-305cdb6 elementor-widget elementor-widget-video\" data-id=\"305cdb6\" data-element_type=\"widget\" data-e-type=\"widget\" data-settings=\"{&quot;video_type&quot;:&quot;vimeo&quot;}\" data-widget_type=\"video.default\">\n\t\t\t\t\t\t\t<div class=\"elementor-wrapper elementor-open-inline\">\n\t\t\t<iframe class=\"elementor-video-iframe\" allowfullscreen allow=\"clipboard-write\" title=\"vimeo Video Player\" src=\"https:\/\/player.vimeo.com\/video\/1180832795?color&amp;autopause=0&amp;loop=0&amp;muted=0&amp;title=1&amp;portrait=1&amp;byline=1#t=\" data-no-translation-title=\"\"><\/iframe>\t\t<\/div>\n\t\t\t\t\t\t<\/div>\n\t\t\t\t<div class=\"elementor-element elementor-element-581d264 elementor-widget elementor-widget-html\" data-id=\"581d264\" data-element_type=\"widget\" data-e-type=\"widget\" data-widget_type=\"html.default\">\n\t\t\t\t\t<div class=\"right-col\">\r\n  <div class=\"info-box\">\r\n    <h3>Good to know<\/h3>\r\n\r\n    <p>\r\n      Suurlaht is known for its spacious and shallow water and its nature-close surroundings.\r\n    <\/p>\r\n\r\n    <p>\r\n      The spring fishing season begins on May 21st.\r\n    <\/p>\r\n\r\n    <p>\r\n      If you wish, you can combine fishing with boat rental, accommodation, and an evening sauna to spend a pleasant day or evening by Suurlaht.\r\n    <\/p>\r\n  <\/div>\r\n<\/div>\t\t\t\t<\/div>\n\t\t\t\t<\/div>\n\t\t\t\t<\/div>\n\t\t<div class=\"elementor-element elementor-element-cc88dc2 e-con-full fishing-section e-flex e-con e-parent\" data-id=\"cc88dc2\" data-element_type=\"container\" data-e-type=\"container\" data-settings=\"{&quot;background_background&quot;:&quot;classic&quot;}\">\n\t\t<div class=\"elementor-element elementor-element-24470c4 e-con-full fishing-left-card e-flex e-con e-child\" data-id=\"24470c4\" data-element_type=\"container\" data-e-type=\"container\">\n\t\t\t\t<div class=\"elementor-element elementor-element-f656f80 fishing-main-heading elementor-widget elementor-widget-heading\" data-id=\"f656f80\" data-element_type=\"widget\" data-e-type=\"widget\" data-widget_type=\"heading.default\">\n\t\t\t\t\t<h2 class=\"elementor-heading-title elementor-size-default\">Giidiga kalap\u00fc\u00fck Saaremaal<\/h2>\t\t\t\t<\/div>\n\t\t\t\t<div class=\"elementor-element elementor-element-a247b9f fishing-content elementor-widget elementor-widget-text-editor\" data-id=\"a247b9f\" data-element_type=\"widget\" data-e-type=\"widget\" data-widget_type=\"text-editor.default\">\n\t\t\t\t\t\t\t\t\t<p><span class=\"fishing-label\">Giidiga kalap\u00fc\u00fck Saaremaal<\/span><\/p><p class=\"fishing-intro\">Tule koos Martiniga Saaremaa vetesse kala p\u00fc\u00fcdma. Kalasturetk toimub paadiga ning sobib nii algajatele kui ka kogenumatele kalastajatele.<\/p><p>Martin on Saaremaalt p\u00e4rit kalastusgiid, kes tunneb kohalikke p\u00fc\u00fcgikohti ja aitab leida parimad p\u00fc\u00fcgikohad meeldej\u00e4\u00e4vaks kalastusp\u00e4evaks.<\/p><div class=\"fishing-info-grid\"><div class=\"fishing-info-box\"><strong>Hooaeg:<\/strong><br \/>Maikuust kuni talve tulekuni<\/div><div class=\"fishing-info-box\"><strong>Kestvus:<\/strong><br \/>Orienteeruvalt 6 tundi<\/div><div class=\"fishing-info-box\"><strong>Osalejad:<\/strong><br \/>Kuni 2 p\u00fc\u00fcdjat + giid<br \/>(v\u00f5imalus ka suurema grupiga)<\/div><div class=\"fishing-info-box\"><strong>P\u00fc\u00fcgikala:<\/strong><br \/>Haug, tuulehaug v\u00f5i ahven<\/div><\/div><h3>Kalastusretk sisaldab<\/h3><ul class=\"fishing-list\"><li>Paati ja k\u00fctust<\/li><li>Paadi transporti<\/li><li>Ohutusvarustust<\/li><li>Vajadusel kalap\u00fc\u00fcgivarustust<\/li><li>Kalap\u00fc\u00fcgi\u00f5igust<\/li><li>Juhendamist kogu retke v\u00e4ltel<\/li><\/ul><div class=\"fishing-price-box\"><h3>Price<\/h3><div class=\"fishing-price-grid\"><div class=\"fishing-price-item\"><strong>150 \u20ac<\/strong><br \/>1 p\u00fc\u00fcdja<\/div><div class=\"fishing-price-item\"><strong>200 \u20ac<\/strong><br \/>2 p\u00fc\u00fcdjat<\/div><\/div><\/div><div class=\"fishing-buttons\"><a class=\"fishing-btn-main\" href=\"\/en\/kontakt\/\">K\u00fcsi saadavust<\/a><br \/><a class=\"fishing-btn-secondary\" href=\"\/en\/kontakt\/\">Broneeri retk<\/a><\/div>\t\t\t\t\t\t\t\t<\/div>\n\t\t\t\t<\/div>\n\t\t<div class=\"elementor-element elementor-element-87452d8 fishing-right-card e-flex e-con-boxed e-con e-child\" data-id=\"87452d8\" data-element_type=\"container\" data-e-type=\"container\">\n\t\t\t\t\t<div class=\"e-con-inner\">\n\t\t\t\t<div class=\"elementor-element elementor-element-db406e3 fishing-guide-image elementor-widget elementor-widget-image\" data-id=\"db406e3\" data-element_type=\"widget\" data-e-type=\"widget\" data-widget_type=\"image.default\">\n\t\t\t\t\t\t\t\t\t\t\t\t\t\t\t<img decoding=\"async\" src=\"https:\/\/suurlahe.ee\/wp-content\/uploads\/2026\/04\/haug.webp\" title=\"\" alt=\"\" loading=\"lazy\" \/>\t\t\t\t\t\t\t\t\t\t\t\t\t\t\t<\/div>\n\t\t\t\t<div class=\"elementor-element elementor-element-1f8288f elementor-widget elementor-widget-html\" data-id=\"1f8288f\" data-element_type=\"widget\" data-e-type=\"widget\" data-widget_type=\"html.default\">\n\t\t\t\t\t<div class=\"fishing-image-caption\">\r\n  Pildil olev 96 cm haug p\u00fc\u00fcti Suurlahest.\r\n<\/div>\t\t\t\t<\/div>\n\t\t\t\t\t<\/div>\n\t\t\t\t<\/div>\n\t\t\t\t<\/div>\n\t\t<div class=\"elementor-element elementor-element-07956e3 e-con-full e-flex e-con e-parent\" data-id=\"07956e3\" data-element_type=\"container\" data-e-type=\"container\">\n\t\t\t\t<div class=\"elementor-element elementor-element-5ba6266 elementor-widget elementor-widget-html\" data-id=\"5ba6266\" data-element_type=\"widget\" data-e-type=\"widget\" data-widget_type=\"html.default\">\n\t\t\t\t\t<section class=\"suurlahe-final-cta\">\r\n  <div class=\"cta-inner\">\r\n    <div class=\"cta-label\">Fishing \u2022 Boat rental \u2022 Accommodation<\/div>\r\n\r\n    <h2>Why come fishing at Suurlaht?<\/h2>\r\n\r\n    <p class=\"cta-text\">\r\n      Enjoy a peaceful time in nature and combine fishing with boat rental, accommodation, or a sauna evening. Contact us for more information.\r\n    <\/p>\r\n\r\n    <div class=\"cta-buttons\">\r\n      <a href=\"https:\/\/suurlahe.ee\/en\/paadilaenutus\/\" class=\"btn-main\">Book a boat<\/a>\r\n      <a href=\"https:\/\/suurlahe.ee\/en\/kontakt\/\" class=\"btn-secondary\">K\u00fcsi lisainfot<\/a>\r\n    <\/div>\r\n\r\n    <p class=\"cta-small\">\r\n      Kalap\u00fc\u00fcgi saad \u00fchendada paadilaenutuse, majutuse ja saunaga.\r\n    <\/p>\r\n  <\/div>\r\n<\/section>\t\t\t\t<\/div>\n\t\t\t\t<\/div>\n\t\t\t\t<\/div>","protected":false},"excerpt":{"rendered":"<p>Kalastusgiidiga kalap\u00fc\u00fck Saaremaal Tule koos kohaliku kalastusgiidiga Saaremaa vetesse kala p\u00fc\u00fcdma. Broneeri kalastusretk Miks tulla Suurlahele kalale? Suurlaht on rahulik ja loodusl\u00e4hedane kalap\u00fc\u00fcgikoht Saaremaal, Kuressaare l\u00e4hedal. Madal veekogu, avar \u00fcmbrus ja mitmekesine kalastik teevad sellest m\u00f5nusa paiga nii hommikuseks kui \u00f5htuseks kalalk\u00e4iguks. Rahulik ja loodusl\u00e4hedane kalap\u00fc\u00fcgikoht Kuressaare l\u00e4hedal Kalarikas j\u00e4rv: peamised liigid on haug, ahven, [&hellip;]<\/p>\n","protected":false},"author":1,"featured_media":0,"parent":33,"menu_order":0,"comment_status":"closed","ping_status":"closed","template":"","meta":{"footnotes":""},"class_list":["post-505","page","type-page","status-publish","hentry"],"_links":{"self":[{"href":"https:\/\/suurlahe.ee\/en\/wp-json\/wp\/v2\/pages\/505","targetHints":{"allow":["GET"]}}],"collection":[{"href":"https:\/\/suurlahe.ee\/en\/wp-json\/wp\/v2\/pages"}],"about":[{"href":"https:\/\/suurlahe.ee\/en\/wp-json\/wp\/v2\/types\/page"}],"author":[{"embeddable":true,"href":"https:\/\/suurlahe.ee\/en\/wp-json\/wp\/v2\/users\/1"}],"replies":[{"embeddable":true,"href":"https:\/\/suurlahe.ee\/en\/wp-json\/wp\/v2\/comments?post=505"}],"version-history":[{"count":128,"href":"https:\/\/suurlahe.ee\/en\/wp-json\/wp\/v2\/pages\/505\/revisions"}],"predecessor-version":[{"id":2507,"href":"https:\/\/suurlahe.ee\/en\/wp-json\/wp\/v2\/pages\/505\/revisions\/2507"}],"up":[{"embeddable":true,"href":"https:\/\/suurlahe.ee\/en\/wp-json\/wp\/v2\/pages\/33"}],"wp:attachment":[{"href":"https:\/\/suurlahe.ee\/en\/wp-json\/wp\/v2\/media?parent=505"}],"curies":[{"name":"wp","href":"https:\/\/api.w.org\/{rel}","templated":true}]}}