{"id":37,"date":"2026-01-02T12:40:23","date_gmt":"2026-01-02T12:40:23","guid":{"rendered":"https:\/\/suurlahe.ee\/?page_id=37"},"modified":"2026-04-21T09:46:20","modified_gmt":"2026-04-21T09:46:20","slug":"galerii","status":"publish","type":"page","link":"https:\/\/suurlahe.ee\/en\/galerii\/","title":{"rendered":"Gallery"},"content":{"rendered":"<div data-elementor-type=\"wp-page\" data-elementor-id=\"37\" class=\"elementor elementor-37\">\n\t\t\t\t<div class=\"elementor-element elementor-element-cb16489 e-con-full e-flex e-con e-parent\" data-id=\"cb16489\" data-element_type=\"container\" data-e-type=\"container\" data-settings=\"{&quot;background_background&quot;:&quot;classic&quot;}\">\n\t\t<div class=\"elementor-element elementor-element-5bb821a e-con-full su-hero-box e-flex e-con e-child\" data-id=\"5bb821a\" data-element_type=\"container\" data-e-type=\"container\" data-settings=\"{&quot;background_background&quot;:&quot;classic&quot;}\">\n\t\t\t\t<div class=\"elementor-element elementor-element-4546d16 elementor-widget elementor-widget-heading\" data-id=\"4546d16\" data-element_type=\"widget\" data-e-type=\"widget\" data-widget_type=\"heading.default\">\n\t\t\t\t\t<h2 class=\"elementor-heading-title elementor-size-default\">Suurlahe<br>gallery<\/h2>\t\t\t\t<\/div>\n\t\t\t\t<\/div>\n\t\t\t\t<\/div>\n\t\t<div class=\"elementor-element elementor-element-f0b9e24 e-flex e-con-boxed e-con e-parent\" data-id=\"f0b9e24\" data-element_type=\"container\" data-e-type=\"container\">\n\t\t\t\t\t<div class=\"e-con-inner\">\n\t\t\t\t<div class=\"elementor-element elementor-element-64c3226 su-gallery-box elementor-widget elementor-widget-image-gallery\" data-id=\"64c3226\" data-element_type=\"widget\" data-e-type=\"widget\" data-widget_type=\"image-gallery.default\">\n\t\t\t\t\t\t\t<div class=\"elementor-image-gallery\">\n\t\t\t<div id='gallery-1' class='gallery galleryid-37 gallery-columns-3 gallery-size-large'><figure class='gallery-item'>\n\t\t\t<div class='gallery-icon landscape'>\n\t\t\t\t<a data-elementor-open-lightbox=\"yes\" data-elementor-lightbox-slideshow=\"64c3226\" data-elementor-lightbox-title=\"Suurlahe K\u00fclalistemaja - Paadis\u00f5it ja p\u00e4ikeseloojang Suurlahel\" data-elementor-lightbox-description=\"Romantiline paadis\u00f5it peegelsiledal Suurlahel imeliste p\u00e4ikeseloojangu v\u00e4rvide taustal. Suurlahe K\u00fclalistemaja pakub oma k\u00fclalistele paadilaenutust, et saaksid nautida t\u00f5elist rahu, linnulaulu ja looduse ilu. T\u00e4iuslik elamus, mis muudab sinu majutuse Saaremaal unustamatuks.\" data-e-action-hash=\"#elementor-action%3Aaction%3Dlightbox%26settings%3DeyJpZCI6MTQ4MCwidXJsIjoiaHR0cHM6XC9cL3N1dXJsYWhlLmVlXC93cC1jb250ZW50XC91cGxvYWRzXC8yMDI2XC8wNFwvZ2FsZXJpaTkud2VicCIsInNsaWRlc2hvdyI6IjY0YzMyMjYifQ%3D%3D\" href='https:\/\/suurlahe.ee\/wp-content\/uploads\/2026\/04\/galerii9.webp'><img fetchpriority=\"high\" decoding=\"async\" width=\"800\" height=\"600\" src=\"https:\/\/suurlahe.ee\/wp-content\/uploads\/2026\/04\/galerii9-1024x768.webp\" class=\"attachment-large size-large\" alt=\"S\u00f5udmine paadiga Suurlahel imelise p\u00e4ikeseloojangu ajal \u2013 paadilaenutus ja majutus Saaremaal.\" aria-describedby=\"gallery-1-1480\" srcset=\"https:\/\/suurlahe.ee\/wp-content\/uploads\/2026\/04\/galerii9-1024x768.webp 1024w, https:\/\/suurlahe.ee\/wp-content\/uploads\/2026\/04\/galerii9-300x225.webp 300w, https:\/\/suurlahe.ee\/wp-content\/uploads\/2026\/04\/galerii9-768x576.webp 768w, https:\/\/suurlahe.ee\/wp-content\/uploads\/2026\/04\/galerii9-16x12.webp 16w, https:\/\/suurlahe.ee\/wp-content\/uploads\/2026\/04\/galerii9.webp 1200w\" sizes=\"(max-width: 800px) 100vw, 800px\" \/><\/a>\n\t\t\t<\/div>\n\t\t\t\t<figcaption class='wp-caption-text gallery-caption' id='gallery-1-1480'>\n\t\t\t\tNaudi rahu ja vaikust s\u00f5udepaadiga peegelsiledal Suurlahel.\n\t\t\t\t<\/figcaption><\/figure><figure class='gallery-item'>\n\t\t\t<div class='gallery-icon landscape'>\n\t\t\t\t<a data-elementor-open-lightbox=\"yes\" data-elementor-lightbox-slideshow=\"64c3226\" data-elementor-lightbox-title=\"Suurlahe K\u00fclalistemaja - J\u00e4rve\u00e4\u00e4rne saun p\u00e4ikeseloojangul\" data-elementor-lightbox-description=\"L\u00f5\u00f5gastav \u00f5htu ja imeline p\u00e4ikeseloojang Suurlahe K\u00fclalistemaja privaatses saunas. Meie majutus Saaremaal pakub t\u00e4ielikku puhkust looduse r\u00fcpes, kus saad p\u00e4rast tegusat p\u00e4eva nautida ehtsat saunam\u00f5nu otse Suurlahe kaldal.\" data-e-action-hash=\"#elementor-action%3Aaction%3Dlightbox%26settings%3DeyJpZCI6MTQ4MSwidXJsIjoiaHR0cHM6XC9cL3N1dXJsYWhlLmVlXC93cC1jb250ZW50XC91cGxvYWRzXC8yMDI2XC8wNFwvZ2FsZXJpaTgud2VicCIsInNsaWRlc2hvdyI6IjY0YzMyMjYifQ%3D%3D\" href='https:\/\/suurlahe.ee\/wp-content\/uploads\/2026\/04\/galerii8.webp'><img decoding=\"async\" width=\"800\" height=\"600\" src=\"https:\/\/suurlahe.ee\/wp-content\/uploads\/2026\/04\/galerii8-1024x768.webp\" class=\"attachment-large size-large\" alt=\"P\u00e4ikeseloojang ja j\u00e4rve\u00e4\u00e4rne saun Suurlahe K\u00fclalistemajas \u2013 l\u00f5\u00f5gastav majutus Saaremaal.\" aria-describedby=\"gallery-1-1481\" srcset=\"https:\/\/suurlahe.ee\/wp-content\/uploads\/2026\/04\/galerii8-1024x768.webp 1024w, https:\/\/suurlahe.ee\/wp-content\/uploads\/2026\/04\/galerii8-300x225.webp 300w, https:\/\/suurlahe.ee\/wp-content\/uploads\/2026\/04\/galerii8-768x576.webp 768w, https:\/\/suurlahe.ee\/wp-content\/uploads\/2026\/04\/galerii8-16x12.webp 16w, https:\/\/suurlahe.ee\/wp-content\/uploads\/2026\/04\/galerii8.webp 1200w\" sizes=\"(max-width: 800px) 100vw, 800px\" \/><\/a>\n\t\t\t<\/div>\n\t\t\t\t<figcaption class='wp-caption-text gallery-caption' id='gallery-1-1481'>\n\t\t\t\tL\u00f5\u00f5gastav saun otse Suurlahe kaldal.\n\t\t\t\t<\/figcaption><\/figure><figure class='gallery-item'>\n\t\t\t<div class='gallery-icon landscape'>\n\t\t\t\t<a data-elementor-open-lightbox=\"yes\" data-elementor-lightbox-slideshow=\"64c3226\" data-elementor-lightbox-title=\"Suurlahe K\u00fclalistemaja - Kalap\u00fc\u00fck ja paadis\u00f5it Suurlahel\" data-elementor-lightbox-description=\"K\u00fclalised nautimas kalap\u00fc\u00fcki ja vaikust s\u00f5udepaadist peegelsiledal Suurlahel. Suurlahe K\u00fclalistemaja pakub mugavat paadilaenutust ja suurep\u00e4raseid kalastustingimusi otse majutuskoha k\u00f5rval. Tule veeda meeldej\u00e4\u00e4v kalapuhkus Saaremaal!\" data-e-action-hash=\"#elementor-action%3Aaction%3Dlightbox%26settings%3DeyJpZCI6MTQ4NiwidXJsIjoiaHR0cHM6XC9cL3N1dXJsYWhlLmVlXC93cC1jb250ZW50XC91cGxvYWRzXC8yMDI2XC8wNFwvZ2FsZXJpaTIud2VicCIsInNsaWRlc2hvdyI6IjY0YzMyMjYifQ%3D%3D\" href='https:\/\/suurlahe.ee\/wp-content\/uploads\/2026\/04\/galerii2.webp'><img decoding=\"async\" width=\"800\" height=\"600\" src=\"https:\/\/suurlahe.ee\/wp-content\/uploads\/2026\/04\/galerii2-1024x768.webp\" class=\"attachment-large size-large\" alt=\"Kalap\u00fc\u00fck paadist kaunil Suurlahel \u2013 aktiivne puhkus, paadilaenutus ja majutus Saaremaal.\" aria-describedby=\"gallery-1-1486\" srcset=\"https:\/\/suurlahe.ee\/wp-content\/uploads\/2026\/04\/galerii2-1024x768.webp 1024w, https:\/\/suurlahe.ee\/wp-content\/uploads\/2026\/04\/galerii2-300x225.webp 300w, https:\/\/suurlahe.ee\/wp-content\/uploads\/2026\/04\/galerii2-768x576.webp 768w, https:\/\/suurlahe.ee\/wp-content\/uploads\/2026\/04\/galerii2-16x12.webp 16w, https:\/\/suurlahe.ee\/wp-content\/uploads\/2026\/04\/galerii2.webp 1200w\" sizes=\"(max-width: 800px) 100vw, 800px\" \/><\/a>\n\t\t\t<\/div>\n\t\t\t\t<figcaption class='wp-caption-text gallery-caption' id='gallery-1-1486'>\n\t\t\t\tNaudi kalap\u00fc\u00fcki ja looduse rahu otse Suurlahel.\n\t\t\t\t<\/figcaption><\/figure><figure class='gallery-item'>\n\t\t\t<div class='gallery-icon landscape'>\n\t\t\t\t<a data-elementor-open-lightbox=\"yes\" data-elementor-lightbox-slideshow=\"64c3226\" data-elementor-lightbox-title=\"Suurlahe K\u00fclalistemaja - Kasse 430 s\u00f5udepaadid ja paadisild\" data-elementor-lightbox-description=\"Suurlahe K\u00fclalistemaja privaatne paadisild ja turvalised s\u00f5udepaadid Kasse 430. Pakume oma k\u00fclalistele mugavat paadilaenutust kalap\u00fc\u00fcgiks Suurlahel v\u00f5i lihtsalt looduse nautimiseks vee peal. Ideaalne lisa Sinu majutusele Saaremaal.\" data-e-action-hash=\"#elementor-action%3Aaction%3Dlightbox%26settings%3DeyJpZCI6MTQ3NiwidXJsIjoiaHR0cHM6XC9cL3N1dXJsYWhlLmVlXC93cC1jb250ZW50XC91cGxvYWRzXC8yMDI2XC8wNFwvZ2FsZXJpaTEud2VicCIsInNsaWRlc2hvdyI6IjY0YzMyMjYifQ%3D%3D\" href='https:\/\/suurlahe.ee\/wp-content\/uploads\/2026\/04\/galerii1.webp'><img loading=\"lazy\" decoding=\"async\" width=\"800\" height=\"600\" src=\"https:\/\/suurlahe.ee\/wp-content\/uploads\/2026\/04\/galerii1-1024x768.webp\" class=\"attachment-large size-large\" alt=\"S\u00f5udepaadid Kasse 430 Suurlahe K\u00fclalistemaja paadisilla \u00e4\u00e4res Suurlahel \u2013 paadilaenutus Saaremaal.\" aria-describedby=\"gallery-1-1476\" srcset=\"https:\/\/suurlahe.ee\/wp-content\/uploads\/2026\/04\/galerii1-1024x768.webp 1024w, https:\/\/suurlahe.ee\/wp-content\/uploads\/2026\/04\/galerii1-300x225.webp 300w, https:\/\/suurlahe.ee\/wp-content\/uploads\/2026\/04\/galerii1-768x576.webp 768w, https:\/\/suurlahe.ee\/wp-content\/uploads\/2026\/04\/galerii1-16x12.webp 16w, https:\/\/suurlahe.ee\/wp-content\/uploads\/2026\/04\/galerii1.webp 1200w\" sizes=\"(max-width: 800px) 100vw, 800px\" \/><\/a>\n\t\t\t<\/div>\n\t\t\t\t<figcaption class='wp-caption-text gallery-caption' id='gallery-1-1476'>\n\t\t\t\tKasse 430 s\u00f5udepaadid ootavad huvilisi meie paadisilla \u00e4\u00e4res.\n\t\t\t\t<\/figcaption><\/figure><figure class='gallery-item'>\n\t\t\t<div class='gallery-icon landscape'>\n\t\t\t\t<a data-elementor-open-lightbox=\"yes\" data-elementor-lightbox-slideshow=\"64c3226\" data-elementor-lightbox-title=\"Suurlahe K\u00fclalistemaja - Saunamaja puhkeruum\" data-elementor-lightbox-description=\"Avar ja hubane saunamaja puhkeruum Suurlahe K\u00fclalistemajas. Suurtest akendest avaneb imeline vaade otse Suurlahele ning uks viib privaatsele v\u00e4literrassile, kus saab peale kuuma leili v\u00e4rsket \u00f5hku nautida. T\u00e4iuslik saunapuhkus ja majutus Saaremaal keset imelist loodust.\" data-e-action-hash=\"#elementor-action%3Aaction%3Dlightbox%26settings%3DeyJpZCI6MTQ3NSwidXJsIjoiaHR0cHM6XC9cL3N1dXJsYWhlLmVlXC93cC1jb250ZW50XC91cGxvYWRzXC8yMDI2XC8wNFwvZ2FsZXJpaTMud2VicCIsInNsaWRlc2hvdyI6IjY0YzMyMjYifQ%3D%3D\" href='https:\/\/suurlahe.ee\/wp-content\/uploads\/2026\/04\/galerii3.webp'><img loading=\"lazy\" decoding=\"async\" width=\"800\" height=\"600\" src=\"https:\/\/suurlahe.ee\/wp-content\/uploads\/2026\/04\/galerii3-1024x768.webp\" class=\"attachment-large size-large\" alt=\"Valgusk\u00fcllane saunamaja puhkeruum ja terrass lummava vaatega Suurlahele \u2013 l\u00f5\u00f5gastav majutus Saaremaal.\" aria-describedby=\"gallery-1-1475\" srcset=\"https:\/\/suurlahe.ee\/wp-content\/uploads\/2026\/04\/galerii3-1024x768.webp 1024w, https:\/\/suurlahe.ee\/wp-content\/uploads\/2026\/04\/galerii3-300x225.webp 300w, https:\/\/suurlahe.ee\/wp-content\/uploads\/2026\/04\/galerii3-768x576.webp 768w, https:\/\/suurlahe.ee\/wp-content\/uploads\/2026\/04\/galerii3-16x12.webp 16w, https:\/\/suurlahe.ee\/wp-content\/uploads\/2026\/04\/galerii3.webp 1200w\" sizes=\"(max-width: 800px) 100vw, 800px\" \/><\/a>\n\t\t\t<\/div>\n\t\t\t\t<figcaption class='wp-caption-text gallery-caption' id='gallery-1-1475'>\n\t\t\t\tValgusk\u00fcllane puhkeruum, kust p\u00e4\u00e4seb otse Suurlahe vaatega terrassile.\n\t\t\t\t<\/figcaption><\/figure><figure class='gallery-item'>\n\t\t\t<div class='gallery-icon landscape'>\n\t\t\t\t<a data-elementor-open-lightbox=\"yes\" data-elementor-lightbox-slideshow=\"64c3226\" data-elementor-lightbox-title=\"Suurlahe K\u00fclalistemaja saunamaja kaminaruum\" data-elementor-lightbox-description=\"Suurlahe K\u00fclalistemaja puitviimistluse ja elava tulega kaminaruum saunamajas. Avar puhkeruum koos suure lauaga sobib ideaalselt seltskondlikuks istumiseks, v\u00e4iksemateks koosviibimisteks ja peale saunask\u00e4iku l\u00f5\u00f5gastumiseks. Tule naudi ehtsat saunapuhkust Saaremaal!\" data-e-action-hash=\"#elementor-action%3Aaction%3Dlightbox%26settings%3DeyJpZCI6MTQ4NSwidXJsIjoiaHR0cHM6XC9cL3N1dXJsYWhlLmVlXC93cC1jb250ZW50XC91cGxvYWRzXC8yMDI2XC8wNFwvZ2FsZXJpaTQud2VicCIsInNsaWRlc2hvdyI6IjY0YzMyMjYifQ%3D%3D\" href='https:\/\/suurlahe.ee\/wp-content\/uploads\/2026\/04\/galerii4.webp'><img loading=\"lazy\" decoding=\"async\" width=\"800\" height=\"600\" src=\"https:\/\/suurlahe.ee\/wp-content\/uploads\/2026\/04\/galerii4-1024x768.webp\" class=\"attachment-large size-large\" alt=\"Hubane kaminaga sauna eesruum Suurlahe K\u00fclalistemajas \u2013 m\u00f5nus puhkeruum seltskondadele Saaremaal.\" aria-describedby=\"gallery-1-1485\" srcset=\"https:\/\/suurlahe.ee\/wp-content\/uploads\/2026\/04\/galerii4-1024x768.webp 1024w, https:\/\/suurlahe.ee\/wp-content\/uploads\/2026\/04\/galerii4-300x225.webp 300w, https:\/\/suurlahe.ee\/wp-content\/uploads\/2026\/04\/galerii4-768x576.webp 768w, https:\/\/suurlahe.ee\/wp-content\/uploads\/2026\/04\/galerii4-16x12.webp 16w, https:\/\/suurlahe.ee\/wp-content\/uploads\/2026\/04\/galerii4.webp 1200w\" sizes=\"(max-width: 800px) 100vw, 800px\" \/><\/a>\n\t\t\t<\/div>\n\t\t\t\t<figcaption class='wp-caption-text gallery-caption' id='gallery-1-1485'>\n\t\t\t\tHubane kaminaga puhkeruum meie saunamajas, kus seltskonnaga m\u00f5nusalt aega veeta.\n\t\t\t\t<\/figcaption><\/figure><figure class='gallery-item'>\n\t\t\t<div class='gallery-icon landscape'>\n\t\t\t\t<a data-elementor-open-lightbox=\"yes\" data-elementor-lightbox-slideshow=\"64c3226\" data-elementor-lightbox-title=\"Kasse 430R valge s\u00f5udepaat\" data-elementor-lightbox-description=\"Turvaline ja stabiilne valge Kasse 430R s\u00f5udepaat ootamas huvilisi Suurlahe K\u00fclalistemaja sadamas. See paadimudel on Eesti kalameeste vaieldamatu lemmik. Rendi paat mugavalt otse oma majutuskohast ja mine avasta Suurlahe kalarikkaid kohti v\u00f5i naudi niisama romantilist paadis\u00f5itu Saaremaal.\" data-e-action-hash=\"#elementor-action%3Aaction%3Dlightbox%26settings%3DeyJpZCI6MTQ3OCwidXJsIjoiaHR0cHM6XC9cL3N1dXJsYWhlLmVlXC93cC1jb250ZW50XC91cGxvYWRzXC8yMDI2XC8wNFwvZ2FsZXJpaTExLndlYnAiLCJzbGlkZXNob3ciOiI2NGMzMjI2In0%3D\" href='https:\/\/suurlahe.ee\/wp-content\/uploads\/2026\/04\/galerii11.webp'><img loading=\"lazy\" decoding=\"async\" width=\"800\" height=\"600\" src=\"https:\/\/suurlahe.ee\/wp-content\/uploads\/2026\/04\/galerii11-1024x768.webp\" class=\"attachment-large size-large\" alt=\"Valge s\u00f5udepaat Kasse 430R Suurlahe K\u00fclalistemaja paadisillas \u2013 turvaline paadilaenutus ja kalap\u00fc\u00fck Saaremaal.\" aria-describedby=\"gallery-1-1478\" srcset=\"https:\/\/suurlahe.ee\/wp-content\/uploads\/2026\/04\/galerii11-1024x768.webp 1024w, https:\/\/suurlahe.ee\/wp-content\/uploads\/2026\/04\/galerii11-300x225.webp 300w, https:\/\/suurlahe.ee\/wp-content\/uploads\/2026\/04\/galerii11-768x576.webp 768w, https:\/\/suurlahe.ee\/wp-content\/uploads\/2026\/04\/galerii11-16x12.webp 16w, https:\/\/suurlahe.ee\/wp-content\/uploads\/2026\/04\/galerii11.webp 1200w\" sizes=\"(max-width: 800px) 100vw, 800px\" \/><\/a>\n\t\t\t<\/div>\n\t\t\t\t<figcaption class='wp-caption-text gallery-caption' id='gallery-1-1478'>\n\t\t\t\tStabiilne ja turvaline Kasse 430R s\u00f5udepaat on ideaalne kalap\u00fc\u00fcgiks ja kruiisimseks Suurlahel.\n\t\t\t\t<\/figcaption><\/figure><figure class='gallery-item'>\n\t\t\t<div class='gallery-icon landscape'>\n\t\t\t\t<a data-elementor-open-lightbox=\"yes\" data-elementor-lightbox-slideshow=\"64c3226\" data-elementor-lightbox-title=\"Suurlahe K\u00fclalistemaja - Toitlustus ja suupistelaud\" data-elementor-lightbox-description=\"Pakume Suurlahe K\u00fclalistemajas kvaliteetset toitlustust ja kaunilt serveeritud suupistelaudu. Olgu tegemist seminari, s\u00fcnnip\u00e4eva, meeskonna\u00fcrituse v\u00f5i hubase sauna\u00f5htuga \u2013 hoolitseme maitsva toidulaua eest. Naudi t\u00e4islahendusega puhkust ja majutust Saaremaal.\" data-e-action-hash=\"#elementor-action%3Aaction%3Dlightbox%26settings%3DeyJpZCI6MTQ3NywidXJsIjoiaHR0cHM6XC9cL3N1dXJsYWhlLmVlXC93cC1jb250ZW50XC91cGxvYWRzXC8yMDI2XC8wNFwvZ2FsZXJpaTEyLndlYnAiLCJzbGlkZXNob3ciOiI2NGMzMjI2In0%3D\" href='https:\/\/suurlahe.ee\/wp-content\/uploads\/2026\/04\/galerii12.webp'><img loading=\"lazy\" decoding=\"async\" width=\"800\" height=\"600\" src=\"https:\/\/suurlahe.ee\/wp-content\/uploads\/2026\/04\/galerii12-1024x768.webp\" class=\"attachment-large size-large\" alt=\"Rikkalik suupistelaud ja maitsev toitlustus \u00fcritusteks Suurlahe K\u00fclalistemajas \u2013 peolaud ja majutus Saaremaal.\" aria-describedby=\"gallery-1-1477\" srcset=\"https:\/\/suurlahe.ee\/wp-content\/uploads\/2026\/04\/galerii12-1024x768.webp 1024w, https:\/\/suurlahe.ee\/wp-content\/uploads\/2026\/04\/galerii12-300x225.webp 300w, https:\/\/suurlahe.ee\/wp-content\/uploads\/2026\/04\/galerii12-768x576.webp 768w, https:\/\/suurlahe.ee\/wp-content\/uploads\/2026\/04\/galerii12-16x12.webp 16w, https:\/\/suurlahe.ee\/wp-content\/uploads\/2026\/04\/galerii12.webp 1200w\" sizes=\"(max-width: 800px) 100vw, 800px\" \/><\/a>\n\t\t\t<\/div>\n\t\t\t\t<figcaption class='wp-caption-text gallery-caption' id='gallery-1-1477'>\n\t\t\t\tMaitsvad ja kaunilt serveeritud suupistelauad sinu s\u00fcndmuseks v\u00f5i sauna\u00f5htuks.\n\t\t\t\t<\/figcaption><\/figure><figure class='gallery-item'>\n\t\t\t<div class='gallery-icon landscape'>\n\t\t\t\t<a data-elementor-open-lightbox=\"yes\" data-elementor-lightbox-slideshow=\"64c3226\" data-elementor-lightbox-title=\"Suurlahe K\u00fclalistemaja - Sauna leiliruum\" data-elementor-lightbox-description=\"Ehtne ja soe sauna leiliruum Suurlahe K\u00fclalistemajas. P\u00e4rast tegusat p\u00e4eva Saaremaa looduses v\u00f5i kalal k\u00e4ies pakub meie saun t\u00e4ielikku l\u00f5\u00f5gastust. Tule naudi traditsioonilist saunam\u00f5nu ja puhka end v\u00e4lja otse Suurlahe kaldal.\" data-e-action-hash=\"#elementor-action%3Aaction%3Dlightbox%26settings%3DeyJpZCI6MTQ3OSwidXJsIjoiaHR0cHM6XC9cL3N1dXJsYWhlLmVlXC93cC1jb250ZW50XC91cGxvYWRzXC8yMDI2XC8wNFwvZ2FsZXJpaTEwLndlYnAiLCJzbGlkZXNob3ciOiI2NGMzMjI2In0%3D\" href='https:\/\/suurlahe.ee\/wp-content\/uploads\/2026\/04\/galerii10.webp'><img loading=\"lazy\" decoding=\"async\" width=\"800\" height=\"600\" src=\"https:\/\/suurlahe.ee\/wp-content\/uploads\/2026\/04\/galerii10-1024x768.webp\" class=\"attachment-large size-large\" alt=\"Hubane puitviimistlusega leiliruum ja keris Suurlahe K\u00fclalistemajas \u2013 ehtne saunapuhkus ja majutus Saaremaal.\" aria-describedby=\"gallery-1-1479\" srcset=\"https:\/\/suurlahe.ee\/wp-content\/uploads\/2026\/04\/galerii10-1024x768.webp 1024w, https:\/\/suurlahe.ee\/wp-content\/uploads\/2026\/04\/galerii10-300x225.webp 300w, https:\/\/suurlahe.ee\/wp-content\/uploads\/2026\/04\/galerii10-768x576.webp 768w, https:\/\/suurlahe.ee\/wp-content\/uploads\/2026\/04\/galerii10-16x12.webp 16w, https:\/\/suurlahe.ee\/wp-content\/uploads\/2026\/04\/galerii10.webp 1200w\" sizes=\"(max-width: 800px) 100vw, 800px\" \/><\/a>\n\t\t\t<\/div>\n\t\t\t\t<figcaption class='wp-caption-text gallery-caption' id='gallery-1-1479'>\n\t\t\t\tKuum leil ja ehtne saunam\u00f5nu meie hubases leiliruumis.\n\t\t\t\t<\/figcaption><\/figure><figure class='gallery-item'>\n\t\t\t<div class='gallery-icon landscape'>\n\t\t\t\t<a data-elementor-open-lightbox=\"yes\" data-elementor-lightbox-slideshow=\"64c3226\" data-elementor-lightbox-title=\"Suurlahe K\u00fclalistemaja - Hubane grillmaja ja v\u00e4lik\u00f6\u00f6k\" data-elementor-lightbox-description=\"Suurlahe K\u00fclalistemaja puidust grillikoda pakub ideaalset v\u00f5imalust pere v\u00f5i s\u00f5pradega \u00fchiseks grillimiseks ja elava tule nautimiseks. Katusealune grillmaja on ilmastikukindel, tagades hubase olemise iga ilmaga. Tule ja naudi t\u00e4iuslikku puhkust ning majutust Saaremaal!\" data-e-action-hash=\"#elementor-action%3Aaction%3Dlightbox%26settings%3DeyJpZCI6MTQ4NCwidXJsIjoiaHR0cHM6XC9cL3N1dXJsYWhlLmVlXC93cC1jb250ZW50XC91cGxvYWRzXC8yMDI2XC8wNFwvZ2FsZXJpaTUud2VicCIsInNsaWRlc2hvdyI6IjY0YzMyMjYifQ%3D%3D\" href='https:\/\/suurlahe.ee\/wp-content\/uploads\/2026\/04\/galerii5.webp'><img loading=\"lazy\" decoding=\"async\" width=\"800\" height=\"600\" src=\"https:\/\/suurlahe.ee\/wp-content\/uploads\/2026\/04\/galerii5-1024x768.webp\" class=\"attachment-large size-large\" alt=\"Hubane puidust grillmaja elava tulega Suurlahe K\u00fclalistemajas \u2013 m\u00f5nus puhkus ja majutus Saaremaal.\" aria-describedby=\"gallery-1-1484\" srcset=\"https:\/\/suurlahe.ee\/wp-content\/uploads\/2026\/04\/galerii5-1024x768.webp 1024w, https:\/\/suurlahe.ee\/wp-content\/uploads\/2026\/04\/galerii5-300x225.webp 300w, https:\/\/suurlahe.ee\/wp-content\/uploads\/2026\/04\/galerii5-768x576.webp 768w, https:\/\/suurlahe.ee\/wp-content\/uploads\/2026\/04\/galerii5-16x12.webp 16w, https:\/\/suurlahe.ee\/wp-content\/uploads\/2026\/04\/galerii5.webp 1200w\" sizes=\"(max-width: 800px) 100vw, 800px\" \/><\/a>\n\t\t\t<\/div>\n\t\t\t\t<figcaption class='wp-caption-text gallery-caption' id='gallery-1-1484'>\n\t\t\t\tMeie ilmastikukindel grillmaja on ideaalne koht \u00f5htuseks grillimiseks ja seltskonna nautimiseks.\n\t\t\t\t<\/figcaption><\/figure><figure class='gallery-item'>\n\t\t\t<div class='gallery-icon landscape'>\n\t\t\t\t<a data-elementor-open-lightbox=\"yes\" data-elementor-lightbox-slideshow=\"64c3226\" data-elementor-lightbox-title=\"Suurlahe K\u00fclalistemaja - Seminariruum ja \u00fcrituste korraldamine\" data-elementor-lightbox-description=\"Suurlahe K\u00fclalistemaja pakub privaatset ja rahulikku keskkonda seminaride, koolituste ja meeskonna\u00fcrituste korraldamiseks Saaremaal. Seminariruum on varustatud vajaliku esitlustehnikaga ning mahutab mugavalt v\u00e4iksemaid gruppe. Ideaalne koht, kus \u00fchendada t\u00f6\u00f6 ja puhkus looduse r\u00fcpes.\" data-e-action-hash=\"#elementor-action%3Aaction%3Dlightbox%26settings%3DeyJpZCI6MTQ4MiwidXJsIjoiaHR0cHM6XC9cL3N1dXJsYWhlLmVlXC93cC1jb250ZW50XC91cGxvYWRzXC8yMDI2XC8wNFwvZ2FsZXJpaTcud2VicCIsInNsaWRlc2hvdyI6IjY0YzMyMjYifQ%3D%3D\" href='https:\/\/suurlahe.ee\/wp-content\/uploads\/2026\/04\/galerii7.webp'><img loading=\"lazy\" decoding=\"async\" width=\"800\" height=\"600\" src=\"https:\/\/suurlahe.ee\/wp-content\/uploads\/2026\/04\/galerii7-1024x768.webp\" class=\"attachment-large size-large\" alt=\"Hubane ja valgusk\u00fcllane seminariruum Suurlahe K\u00fclalistemajas \u2013 \u00fcritused ja koolitused Saaremaal.\" aria-describedby=\"gallery-1-1482\" srcset=\"https:\/\/suurlahe.ee\/wp-content\/uploads\/2026\/04\/galerii7-1024x768.webp 1024w, https:\/\/suurlahe.ee\/wp-content\/uploads\/2026\/04\/galerii7-300x225.webp 300w, https:\/\/suurlahe.ee\/wp-content\/uploads\/2026\/04\/galerii7-768x576.webp 768w, https:\/\/suurlahe.ee\/wp-content\/uploads\/2026\/04\/galerii7-16x12.webp 16w, https:\/\/suurlahe.ee\/wp-content\/uploads\/2026\/04\/galerii7.webp 1200w\" sizes=\"(max-width: 800px) 100vw, 800px\" \/><\/a>\n\t\t\t<\/div>\n\t\t\t\t<figcaption class='wp-caption-text gallery-caption' id='gallery-1-1482'>\n\t\t\t\tMeie hubane ja tehniliselt varustatud seminariruum ootab teie meeskonda.\n\t\t\t\t<\/figcaption><\/figure><figure class='gallery-item'>\n\t\t\t<div class='gallery-icon landscape'>\n\t\t\t\t<a data-elementor-open-lightbox=\"yes\" data-elementor-lightbox-slideshow=\"64c3226\" data-elementor-lightbox-title=\"Suurlahe K\u00fclalistemaja - Seminariruum (U-kujuline laud)\" data-elementor-lightbox-description=\"Suurlahe K\u00fclalistemaja pakub paindlikku seminariruumi Saaremaal. Pildil on n\u00e4ha teistsugune lauaasetus (U-kujuline laud), mis sobib ideaalselt meeskonna aruteludeks, interaktiivseteks koolitusteks ja strateegiap\u00e4evadeks. Ruumis on esitlustehnika ja loomulik valgus. Korralda oma j\u00e4rgmine firma\u00fcritus Kuressaare l\u00e4hedal, looduse r\u00fcpes.\" data-e-action-hash=\"#elementor-action%3Aaction%3Dlightbox%26settings%3DeyJpZCI6MTQ4MywidXJsIjoiaHR0cHM6XC9cL3N1dXJsYWhlLmVlXC93cC1jb250ZW50XC91cGxvYWRzXC8yMDI2XC8wNFwvZ2FsZXJpaTYud2VicCIsInNsaWRlc2hvdyI6IjY0YzMyMjYifQ%3D%3D\" href='https:\/\/suurlahe.ee\/wp-content\/uploads\/2026\/04\/galerii6.webp'><img loading=\"lazy\" decoding=\"async\" width=\"800\" height=\"600\" src=\"https:\/\/suurlahe.ee\/wp-content\/uploads\/2026\/04\/galerii6-1024x768.webp\" class=\"attachment-large size-large\" alt=\"Hubane seminariruum Suurlahe K\u00fclalistemajas U-kujulise lauaasetusega \u2013 koolitused ja meeskonna\u00fcritused Saaremaal. \u00fcritused Saaremaal\" aria-describedby=\"gallery-1-1483\" srcset=\"https:\/\/suurlahe.ee\/wp-content\/uploads\/2026\/04\/galerii6-1024x768.webp 1024w, https:\/\/suurlahe.ee\/wp-content\/uploads\/2026\/04\/galerii6-300x225.webp 300w, https:\/\/suurlahe.ee\/wp-content\/uploads\/2026\/04\/galerii6-768x576.webp 768w, https:\/\/suurlahe.ee\/wp-content\/uploads\/2026\/04\/galerii6-16x12.webp 16w, https:\/\/suurlahe.ee\/wp-content\/uploads\/2026\/04\/galerii6.webp 1200w\" sizes=\"(max-width: 800px) 100vw, 800px\" \/><\/a>\n\t\t\t<\/div>\n\t\t\t\t<figcaption class='wp-caption-text gallery-caption' id='gallery-1-1483'>\n\t\t\t\tSeminariruum paindliku lauaasetusega (U-kujuline laud) meeskonna aruteludeks.\n\t\t\t\t<\/figcaption><\/figure>\n\t\t<\/div>\n\t\t<\/div>\n\t\t\t\t\t\t<\/div>\n\t\t\t\t\t<\/div>\n\t\t\t\t<\/div>\n\t\t\t\t<\/div>","protected":false},"excerpt":{"rendered":"<p>Suurlahegalerii Naudi rahu ja vaikust s\u00f5udepaadiga peegelsiledal Suurlahel. L\u00f5\u00f5gastav saun otse Suurlahe kaldal. Naudi kalap\u00fc\u00fcki ja looduse rahu otse Suurlahel. Kasse 430 s\u00f5udepaadid ootavad huvilisi meie paadisilla \u00e4\u00e4res. Valgusk\u00fcllane puhkeruum, kust p\u00e4\u00e4seb otse Suurlahe vaatega terrassile. Hubane kaminaga puhkeruum meie saunamajas, kus seltskonnaga m\u00f5nusalt aega veeta. Stabiilne ja turvaline Kasse 430R s\u00f5udepaat on ideaalne kalap\u00fc\u00fcgiks [&hellip;]<\/p>\n","protected":false},"author":1,"featured_media":0,"parent":0,"menu_order":0,"comment_status":"closed","ping_status":"closed","template":"","meta":{"footnotes":""},"class_list":["post-37","page","type-page","status-publish","hentry"],"_links":{"self":[{"href":"https:\/\/suurlahe.ee\/en\/wp-json\/wp\/v2\/pages\/37","targetHints":{"allow":["GET"]}}],"collection":[{"href":"https:\/\/suurlahe.ee\/en\/wp-json\/wp\/v2\/pages"}],"about":[{"href":"https:\/\/suurlahe.ee\/en\/wp-json\/wp\/v2\/types\/page"}],"author":[{"embeddable":true,"href":"https:\/\/suurlahe.ee\/en\/wp-json\/wp\/v2\/users\/1"}],"replies":[{"embeddable":true,"href":"https:\/\/suurlahe.ee\/en\/wp-json\/wp\/v2\/comments?post=37"}],"version-history":[{"count":11,"href":"https:\/\/suurlahe.ee\/en\/wp-json\/wp\/v2\/pages\/37\/revisions"}],"predecessor-version":[{"id":2093,"href":"https:\/\/suurlahe.ee\/en\/wp-json\/wp\/v2\/pages\/37\/revisions\/2093"}],"wp:attachment":[{"href":"https:\/\/suurlahe.ee\/en\/wp-json\/wp\/v2\/media?parent=37"}],"curies":[{"name":"wp","href":"https:\/\/api.w.org\/{rel}","templated":true}]}}