{"id":1702,"date":"2026-04-13T13:45:15","date_gmt":"2026-04-13T13:45:15","guid":{"rendered":"https:\/\/suurlahe.ee\/?page_id=1702"},"modified":"2026-04-21T10:06:27","modified_gmt":"2026-04-21T10:06:27","slug":"hinnakiri","status":"publish","type":"page","link":"https:\/\/suurlahe.ee\/en\/hinnakiri\/","title":{"rendered":"Price list"},"content":{"rendered":"<div data-elementor-type=\"wp-page\" data-elementor-id=\"1702\" class=\"elementor elementor-1702\">\n\t\t\t\t<div class=\"elementor-element elementor-element-2a2b6dc e-con-full e-flex e-con e-parent\" data-id=\"2a2b6dc\" data-element_type=\"container\" data-e-type=\"container\" data-settings=\"{&quot;background_background&quot;:&quot;classic&quot;}\">\n\t\t<div class=\"elementor-element elementor-element-8f08e5c e-con-full e-flex e-con e-child\" data-id=\"8f08e5c\" data-element_type=\"container\" data-e-type=\"container\">\n\t\t\t\t<div class=\"elementor-element elementor-element-4f96646 elementor-widget elementor-widget-heading\" data-id=\"4f96646\" data-element_type=\"widget\" data-e-type=\"widget\" data-widget_type=\"heading.default\">\n\t\t\t\t\t<h1 class=\"elementor-heading-title elementor-size-default\">SUURLAHE GUESTHOUSE PRICE LIST 2026<\/h1>\t\t\t\t<\/div>\n\t\t\t\t<\/div>\n\t\t\t\t<\/div>\n\t\t<div class=\"elementor-element elementor-element-d5d9797 su-prices-section e-flex e-con-boxed e-con e-parent\" data-id=\"d5d9797\" data-element_type=\"container\" data-e-type=\"container\">\n\t\t\t\t\t<div class=\"e-con-inner\">\n\t\t\t\t<div class=\"elementor-element elementor-element-204a44b elementor-widget elementor-widget-text-editor\" data-id=\"204a44b\" data-element_type=\"widget\" data-e-type=\"widget\" data-widget_type=\"text-editor.default\">\n\t\t\t\t\t\t\t\t\t<div class=\"su-prices-section\"><div class=\"su-price-category\"><h3>Accomodation<\/h3><div class=\"su-price-row\"><p><span class=\"su-price-item\">Double room (per night)<\/span><\/p><p><span class=\"su-price-value\">65,00 \u20ac<\/span><\/p><\/div><div class=\"su-price-row\"><p><span class=\"su-price-item\">Single occupancy in a double room (per night)<\/span><\/p><p><span class=\"su-price-value\">40,00 \u20ac<\/span><\/p><\/div><\/div><div class=\"su-price-category\"><h3>Sauna<\/h3><div class=\"su-price-row\"><p><span class=\"su-price-item\">Sauna house rental (3 hours)<\/span><\/p><p><span class=\"su-price-value\">100,00 \u20ac<\/span><\/p><\/div><div class=\"su-price-row\"><p><span class=\"su-price-item\">Sauna house rental (6 hours)<\/span><\/p><p><span class=\"su-price-value\">160,00 \u20ac<\/span><\/p><\/div><div class=\"su-price-row\"><p><span class=\"su-price-item\">Sauna house rental (8 hours)<\/span><\/p><p><span class=\"su-price-value\">200,00 \u20ac<\/span><\/p><\/div><div class=\"su-price-row\"><p><span class=\"su-price-item\">Sauna towel rental (1 pc)<\/span><\/p><p><span class=\"su-price-value\">5,00 \u20ac<\/span><\/p><\/div><p><span class=\"su-price-subtext\">Sauna house rental includes room rental and the firewood needed to heat the sauna. The client heats the sauna themselves (approx. 1.5 h).<\/span><\/p><\/div><div class=\"su-price-category\"><h3>Banquet Hall and Kitchen<\/h3><div class=\"su-price-row\"><p><span class=\"su-price-item\">Peosaali ruumi rent p\u00e4ev (kuni 30 in.)<\/span><\/p><p><span class=\"su-price-value\">350,00 \u20ac<\/span><\/p><\/div><div class=\"su-price-row\"><p><span class=\"su-price-item\">Banquet hall rental for events (1 hour)<\/span><\/p><p><span class=\"su-price-value\">30,00 \u20ac<\/span><\/p><\/div><div class=\"su-price-row\"><p><span class=\"su-price-item\">Kitchen rental (1 day)<\/span><\/p><p><span class=\"su-price-value\">100,00 \u20ac<\/span><\/p><\/div><div class=\"su-price-row\"><p><span class=\"su-price-item\">Kitchen rental (1 hour)<\/span><\/p><p><span class=\"su-price-value\">20,00 \u20ac<\/span><\/p><\/div><div class=\"su-price-row\"><p><span class=\"su-price-item\">Combined rent for banquet hall and kitchen (1 day)<\/span><\/p><p><span class=\"su-price-value\">400,00 \u20ac<\/span><\/p><\/div><\/div><div class=\"su-price-category\"><h3>Grill house<\/h3><div class=\"su-price-row\"><p><span class=\"su-price-item\">BBQ house rental (1 hour)<\/span><\/p><p><span class=\"su-price-value\">20,00 \u20ac<\/span><\/p><\/div><\/div><div class=\"su-price-category\"><h3>Entire complex<\/h3><div class=\"su-price-row\"><p><span class=\"su-price-item\">Entire complex rental (1 day)<\/span><\/p><p><span class=\"su-price-value\">980,00 \u20ac<\/span><\/p><\/div><p><span class=\"su-price-subtext\">Includes accommodation for 10, use of the sauna house, banquet hall, kitchen, and grill house, as well as unlimited use of three rowing boats.<\/span><\/p><\/div><div class=\"su-price-category\"><h3>Boat rental (min. 2 hours)<\/h3><div class=\"su-price-row\"><p><span class=\"su-price-item\">Rowing boat KASSE 430 (2 hours)<\/span><\/p><p><span class=\"su-price-value\">15,00 \u20ac \/ h<\/span><\/p><\/div><div class=\"su-price-row\"><p><span class=\"su-price-item\">Rowing boat KASSE 430 (4 hours)<\/span><\/p><p><span class=\"su-price-value\">10,00 \u20ac \/ h<\/span><\/p><\/div><div class=\"su-price-row\"><p><span class=\"su-price-item\">Rowing boat KASSE 430 (1 day)<\/span><\/p><p><span class=\"su-price-value\">60,00 \u20ac<\/span><\/p><\/div><\/div><\/div>\t\t\t\t\t\t\t\t<\/div>\n\t\t\t\t\t<\/div>\n\t\t\t\t<\/div>\n\t\t\t\t<\/div>","protected":false},"excerpt":{"rendered":"<p>SUURLAHE GUESTHOUSE HINNAKIRI 2026 Majutus 2-kohaline tuba (\u00f6\u00f6p\u00e4ev) 65,00 \u20ac \u00dcksinda kaheses toas (\u00f6\u00f6p\u00e4ev) 40,00 \u20ac Saun Saunamaja rent (3 tundi) 100,00 \u20ac Saunamaja rent (6 tundi) 160,00 \u20ac Saunamaja rent (8 tundi) 200,00 \u20ac Saunalina rent (1 tk) 5,00 \u20ac Saunamaja rent sisaldab ruumi renti ja sauna k\u00fctmiseks vajalikke k\u00fcttepuid. Sauna k\u00fctab soojaks klient [&hellip;]<\/p>\n","protected":false},"author":1,"featured_media":0,"parent":0,"menu_order":0,"comment_status":"closed","ping_status":"closed","template":"","meta":{"footnotes":""},"class_list":["post-1702","page","type-page","status-publish","hentry"],"_links":{"self":[{"href":"https:\/\/suurlahe.ee\/en\/wp-json\/wp\/v2\/pages\/1702","targetHints":{"allow":["GET"]}}],"collection":[{"href":"https:\/\/suurlahe.ee\/en\/wp-json\/wp\/v2\/pages"}],"about":[{"href":"https:\/\/suurlahe.ee\/en\/wp-json\/wp\/v2\/types\/page"}],"author":[{"embeddable":true,"href":"https:\/\/suurlahe.ee\/en\/wp-json\/wp\/v2\/users\/1"}],"replies":[{"embeddable":true,"href":"https:\/\/suurlahe.ee\/en\/wp-json\/wp\/v2\/comments?post=1702"}],"version-history":[{"count":19,"href":"https:\/\/suurlahe.ee\/en\/wp-json\/wp\/v2\/pages\/1702\/revisions"}],"predecessor-version":[{"id":2109,"href":"https:\/\/suurlahe.ee\/en\/wp-json\/wp\/v2\/pages\/1702\/revisions\/2109"}],"wp:attachment":[{"href":"https:\/\/suurlahe.ee\/en\/wp-json\/wp\/v2\/media?parent=1702"}],"curies":[{"name":"wp","href":"https:\/\/api.w.org\/{rel}","templated":true}]}}